{"id":245,"date":"2024-07-28T22:23:04","date_gmt":"2024-07-28T20:23:04","guid":{"rendered":"http:\/\/gielda.kuferek.eu\/?page_id=245"},"modified":"2026-02-11T10:46:13","modified_gmt":"2026-02-11T09:46:13","slug":"aukcja","status":"publish","type":"page","link":"https:\/\/gielda.kuferek.eu\/index.php\/aukcja\/","title":{"rendered":"Aukcja"},"content":{"rendered":"\n<p>Podczas Edycji Olszty\u0144skiej Gie\u0142dy Kolekcjonerskiej Kuferek mo\u017ce odby\u0107 si\u0119 charytatywna aukcja przedmiot\u00f3w kolekcjonerskich . <\/p>\n\n\n\n<p>Aukcja prowadzona b\u0119dzie przy wsp\u00f3\u0142pracy Stowarzyszenia Lions Club Olsztyn . Pozyskane fundusze b\u0119d\u0105 przeznaczone w 100% na cele statutowe Stowarzyszenia zwi\u0105zane z pomoc\u0105 dzieciom i m\u0142odzie\u017cy , programy edukacyjne i spo\u0142eczne w naszym regionie . <\/p>\n\n\n\n<p><\/p>\n\n\n\n<p><\/p>\n","protected":false},"excerpt":{"rendered":"<p>Podczas Edycji Olszty\u0144skiej Gie\u0142dy Kolekcjonerskiej Kuferek mo\u017ce odby\u0107 si\u0119 charytatywna aukcja przedmiot\u00f3w kolekcjonerskich . Aukcja prowadzona b\u0119dzie przy wsp\u00f3\u0142pracy Stowarzyszenia Lions Club Olsztyn . Pozyskane fundusze b\u0119d\u0105 przeznaczone w 100% na cele statutowe Stowarzyszenia zwi\u0105zane z pomoc\u0105 dzieciom i m\u0142odzie\u017cy<\/p>\n","protected":false},"author":1,"featured_media":0,"parent":0,"menu_order":0,"comment_status":"closed","ping_status":"closed","template":"","meta":{"footnotes":""},"class_list":["post-245","page","type-page","status-publish","hentry"],"_links":{"self":[{"href":"https:\/\/gielda.kuferek.eu\/index.php\/wp-json\/wp\/v2\/pages\/245","targetHints":{"allow":["GET"]}}],"collection":[{"href":"https:\/\/gielda.kuferek.eu\/index.php\/wp-json\/wp\/v2\/pages"}],"about":[{"href":"https:\/\/gielda.kuferek.eu\/index.php\/wp-json\/wp\/v2\/types\/page"}],"author":[{"embeddable":true,"href":"https:\/\/gielda.kuferek.eu\/index.php\/wp-json\/wp\/v2\/users\/1"}],"replies":[{"embeddable":true,"href":"https:\/\/gielda.kuferek.eu\/index.php\/wp-json\/wp\/v2\/comments?post=245"}],"version-history":[{"count":2,"href":"https:\/\/gielda.kuferek.eu\/index.php\/wp-json\/wp\/v2\/pages\/245\/revisions"}],"predecessor-version":[{"id":342,"href":"https:\/\/gielda.kuferek.eu\/index.php\/wp-json\/wp\/v2\/pages\/245\/revisions\/342"}],"wp:attachment":[{"href":"https:\/\/gielda.kuferek.eu\/index.php\/wp-json\/wp\/v2\/media?parent=245"}],"curies":[{"name":"wp","href":"https:\/\/api.w.org\/{rel}","templated":true}]}}